{"id":3377,"date":"2023-12-14T09:06:35","date_gmt":"2023-12-14T09:06:35","guid":{"rendered":"https:\/\/uvax.es\/?page_id=3377"},"modified":"2023-12-19T09:10:46","modified_gmt":"2023-12-19T09:10:46","slug":"3377-2","status":"publish","type":"page","link":"https:\/\/uvax.es\/es\/","title":{"rendered":"Inicio"},"content":{"rendered":"\n<div class=\"wp-block-uagb-container uagb-block-b349f0ee alignfull uagb-is-root-container\">\n<div class=\"wp-block-uagb-container uagb-block-fe83ce66 alignfull uagb-is-root-container\">\n<figure class=\"wp-block-image aligncenter size-full is-style-default\"><img loading=\"lazy\" decoding=\"async\" width=\"300\" height=\"129\" src=\"http:\/\/uvax.es\/wp-content\/uploads\/2023\/12\/logoHome-300x129-1.png\" alt=\"\" class=\"wp-image-3181\" srcset=\"https:\/\/uvax.es\/wp-content\/uploads\/2023\/12\/logoHome-300x129-1.png 300w, https:\/\/uvax.es\/wp-content\/uploads\/2023\/12\/logoHome-300x129-1-150x65.png 150w\" sizes=\"auto, (max-width: 300px) 100vw, 300px\" \/><\/figure>\n\n\n\n<h1 class=\"wp-block-heading has-text-align-center has-white-color has-text-color has-link-color wp-elements-6fc0ca34ef3f505420e33b200bdd2aa5\" style=\"font-size:56px;font-style:italic;font-weight:400\">Creemos en el poder<br>de las Ciudades Inteligentes<\/h1>\n<\/div>\n<\/div>\n\n\n\n<div class=\"wp-block-uagb-container uagb-block-7723fc78 alignfull uagb-is-root-container\">\n<div class=\"wp-block-uagb-container uagb-block-40c6aa5d\">\n<figure class=\"wp-block-image size-full is-style-default\"><img loading=\"lazy\" decoding=\"async\" width=\"2000\" height=\"1749\" src=\"https:\/\/uvax.es\/wp-content\/uploads\/2020\/06\/Recurso-1.jpg\" alt=\"\" class=\"wp-image-1732\" srcset=\"https:\/\/uvax.es\/wp-content\/uploads\/2020\/06\/Recurso-1.jpg 2000w, https:\/\/uvax.es\/wp-content\/uploads\/2020\/06\/Recurso-1-300x262.jpg 300w, https:\/\/uvax.es\/wp-content\/uploads\/2020\/06\/Recurso-1-1024x895.jpg 1024w, https:\/\/uvax.es\/wp-content\/uploads\/2020\/06\/Recurso-1-150x131.jpg 150w, https:\/\/uvax.es\/wp-content\/uploads\/2020\/06\/Recurso-1-1536x1343.jpg 1536w\" sizes=\"auto, (max-width: 2000px) 100vw, 2000px\" \/><\/figure>\n<\/div>\n\n\n\n<div class=\"wp-block-uagb-container uagb-block-cd601e44\">\n<p class=\"has-x-large-font-size\" style=\"font-style:italic;font-weight:200\"><em>La tecnolog\u00eda UVAX al servicio de la ciudadan\u00eda<\/em><\/p>\n\n\n\n<div class=\"wp-block-media-text is-stacked-on-mobile\" style=\"grid-template-columns:15% auto\"><figure class=\"wp-block-media-text__media\"><img loading=\"lazy\" decoding=\"async\" width=\"89\" height=\"400\" src=\"https:\/\/uvax.es\/wp-content\/uploads\/2020\/06\/Recurso-2400.png\" alt=\"\" class=\"wp-image-1736 size-full\" srcset=\"https:\/\/uvax.es\/wp-content\/uploads\/2020\/06\/Recurso-2400.png 89w, https:\/\/uvax.es\/wp-content\/uploads\/2020\/06\/Recurso-2400-67x300.png 67w\" sizes=\"auto, (max-width: 89px) 100vw, 89px\" \/><\/figure><div class=\"wp-block-media-text__content\">\n<p class=\"has-medium-font-size\" style=\"font-style:italic;font-weight:300\"><em>En UVAX ponemos al servicio de la ciudadan\u00eda nuestra tecnolog\u00eda y dilatada experiencia en el sector con el objetivo de facilitar la vida de las personas y favorecer un ahorro energ\u00e9tico en las ciudades que, como consecuencia, aportar\u00e1 un gran ahorro econ\u00f3mico. Nuestra tecnolog\u00eda permite transformar la red de iluminaci\u00f3n p\u00fablica en una red de datos de alta velocidad. Adem\u00e1s, trabajamos cada d\u00eda para ofrecer calidad e innovaci\u00f3n en el desarrollo de nuestros equipos<\/em>.<\/p>\n<\/div><\/div>\n\n\n\n<p class=\"has-text-align-left has-x-large-font-size\" style=\"font-style:italic;font-weight:600;letter-spacing:0px;line-height:1.4\"><em>Por todo esto, UVAX se convierte en el mejor aliado para la Smart City a nivel internacional.<\/em><\/p>\n\n\n\n<div class=\"wp-block-uagb-icon-list uagb-block-ce6639ea\"><div class=\"uagb-icon-list__wrap\">\n<div class=\"wp-block-uagb-icon-list-child uagb-block-de7a1046\"><span class=\"uagb-icon-list__label\">+ Ahorro<\/span><\/div>\n\n\n\n<div class=\"wp-block-uagb-icon-list-child uagb-block-595c5a2f\"><span class=\"uagb-icon-list__label\">+ Escalabilidad<\/span><\/div>\n\n\n\n<div class=\"wp-block-uagb-icon-list-child uagb-block-2572c3b6\"><span class=\"uagb-icon-list__label\">+ Seguridad<\/span><\/div>\n\n\n\n<div class=\"wp-block-uagb-icon-list-child uagb-block-0013fc2a\"><span class=\"uagb-icon-list__label\">&#8211; Contaminaci\u00f3n<\/span><\/div>\n<\/div><\/div>\n<\/div>\n\n\n\n<div class=\"wp-block-uagb-container uagb-block-d0cd6378\">\n<figure class=\"wp-block-image alignright size-full\"><img loading=\"lazy\" decoding=\"async\" width=\"300\" height=\"1016\" src=\"http:\/\/uvax.es\/wp-content\/uploads\/2023\/12\/uvax-animado.png\" alt=\"\" class=\"wp-image-3293\" srcset=\"https:\/\/uvax.es\/wp-content\/uploads\/2023\/12\/uvax-animado.png 300w, https:\/\/uvax.es\/wp-content\/uploads\/2023\/12\/uvax-animado-89x300.png 89w, https:\/\/uvax.es\/wp-content\/uploads\/2023\/12\/uvax-animado-44x150.png 44w\" sizes=\"auto, (max-width: 300px) 100vw, 300px\" \/><\/figure>\n<\/div>\n<\/div>\n","protected":false},"excerpt":{"rendered":"<p>Creemos en el poderde las Ciudades Inteligentes La tecnolog\u00eda UVAX al servicio de la ciudadan\u00eda En UVAX ponemos al servicio de la ciudadan\u00eda nuestra tecnolog\u00eda y dilatada experiencia en el sector con el objetivo de facilitar la vida de las personas y favorecer un ahorro energ\u00e9tico en las ciudades que, como consecuencia, aportar\u00e1 un gran &hellip;<\/p>\n<p class=\"read-more\"> <a class=\"\" href=\"https:\/\/uvax.es\/es\/\"> <span class=\"screen-reader-text\">Inicio<\/span> Leer m\u00e1s &raquo;<\/a><\/p>\n","protected":false},"author":1,"featured_media":0,"parent":0,"menu_order":0,"comment_status":"closed","ping_status":"closed","template":"","meta":{"_uag_custom_page_level_css":"","site-sidebar-layout":"default","site-content-layout":"","ast-site-content-layout":"","site-content-style":"default","site-sidebar-style":"default","ast-global-header-display":"","ast-banner-title-visibility":"","ast-main-header-display":"","ast-hfb-above-header-display":"","ast-hfb-below-header-display":"","ast-hfb-mobile-header-display":"","site-post-title":"disabled","ast-breadcrumbs-content":"","ast-featured-img":"","footer-sml-layout":"","theme-transparent-header-meta":"","adv-header-id-meta":"","stick-header-meta":"","header-above-stick-meta":"","header-main-stick-meta":"","header-below-stick-meta":"","astra-migrate-meta-layouts":"default","ast-page-background-enabled":"default","ast-page-background-meta":{"desktop":{"background-color":"var(--ast-global-color-4)","background-image":"","background-repeat":"repeat","background-position":"center center","background-size":"auto","background-attachment":"scroll","background-type":"","background-media":"","overlay-type":"","overlay-color":"","overlay-gradient":""},"tablet":{"background-color":"","background-image":"","background-repeat":"repeat","background-position":"center center","background-size":"auto","background-attachment":"scroll","background-type":"","background-media":"","overlay-type":"","overlay-color":"","overlay-gradient":""},"mobile":{"background-color":"","background-image":"","background-repeat":"repeat","background-position":"center center","background-size":"auto","background-attachment":"scroll","background-type":"","background-media":"","overlay-type":"","overlay-color":"","overlay-gradient":""}},"ast-content-background-meta":{"desktop":{"background-color":"var(--ast-global-color-5)","background-image":"","background-repeat":"repeat","background-position":"center center","background-size":"auto","background-attachment":"scroll","background-type":"","background-media":"","overlay-type":"","overlay-color":"","overlay-gradient":""},"tablet":{"background-color":"var(--ast-global-color-5)","background-image":"","background-repeat":"repeat","background-position":"center center","background-size":"auto","background-attachment":"scroll","background-type":"","background-media":"","overlay-type":"","overlay-color":"","overlay-gradient":""},"mobile":{"background-color":"var(--ast-global-color-5)","background-image":"","background-repeat":"repeat","background-position":"center center","background-size":"auto","background-attachment":"scroll","background-type":"","background-media":"","overlay-type":"","overlay-color":"","overlay-gradient":""}},"footnotes":""},"class_list":["post-3377","page","type-page","status-publish","hentry"],"yoast_head":"<!-- This site is optimized with the Yoast SEO plugin v24.4 - https:\/\/yoast.com\/wordpress\/plugins\/seo\/ -->\n<title>Inicio - Spain<\/title>\n<meta name=\"robots\" content=\"index, follow, max-snippet:-1, max-image-preview:large, max-video-preview:-1\" \/>\n<link rel=\"canonical\" href=\"https:\/\/uvax.es\/es\/\" \/>\n<meta property=\"og:locale\" content=\"es_ES\" \/>\n<meta property=\"og:type\" content=\"article\" \/>\n<meta property=\"og:title\" content=\"Inicio - Spain\" \/>\n<meta property=\"og:description\" content=\"Creemos en el poderde las Ciudades Inteligentes La tecnolog\u00eda UVAX al servicio de la ciudadan\u00eda En UVAX ponemos al servicio de la ciudadan\u00eda nuestra tecnolog\u00eda y dilatada experiencia en el sector con el objetivo de facilitar la vida de las personas y favorecer un ahorro energ\u00e9tico en las ciudades que, como consecuencia, aportar\u00e1 un gran &hellip; Inicio Leer m\u00e1s &raquo;\" \/>\n<meta property=\"og:url\" content=\"https:\/\/uvax.es\/es\/\" \/>\n<meta property=\"og:site_name\" content=\"Spain\" \/>\n<meta property=\"article:modified_time\" content=\"2023-12-19T09:10:46+00:00\" \/>\n<meta property=\"og:image\" content=\"http:\/\/uvax.es\/wp-content\/uploads\/2023\/12\/logoHome-300x129-1.png\" \/>\n<meta name=\"twitter:card\" content=\"summary_large_image\" \/>\n<meta name=\"twitter:label1\" content=\"Tiempo de lectura\" \/>\n\t<meta name=\"twitter:data1\" content=\"2 minutos\" \/>\n<script type=\"application\/ld+json\" class=\"yoast-schema-graph\">{\"@context\":\"https:\/\/schema.org\",\"@graph\":[{\"@type\":\"WebPage\",\"@id\":\"https:\/\/uvax.es\/es\/\",\"url\":\"https:\/\/uvax.es\/es\/\",\"name\":\"Inicio - Spain\",\"isPartOf\":{\"@id\":\"https:\/\/uvax.es\/es\/#website\"},\"primaryImageOfPage\":{\"@id\":\"https:\/\/uvax.es\/es\/#primaryimage\"},\"image\":{\"@id\":\"https:\/\/uvax.es\/es\/#primaryimage\"},\"thumbnailUrl\":\"http:\/\/uvax.es\/wp-content\/uploads\/2023\/12\/logoHome-300x129-1.png\",\"datePublished\":\"2023-12-14T09:06:35+00:00\",\"dateModified\":\"2023-12-19T09:10:46+00:00\",\"breadcrumb\":{\"@id\":\"https:\/\/uvax.es\/es\/#breadcrumb\"},\"inLanguage\":\"es\",\"potentialAction\":[{\"@type\":\"ReadAction\",\"target\":[\"https:\/\/uvax.es\/es\/\"]}]},{\"@type\":\"ImageObject\",\"inLanguage\":\"es\",\"@id\":\"https:\/\/uvax.es\/es\/#primaryimage\",\"url\":\"http:\/\/uvax.es\/wp-content\/uploads\/2023\/12\/logoHome-300x129-1.png\",\"contentUrl\":\"http:\/\/uvax.es\/wp-content\/uploads\/2023\/12\/logoHome-300x129-1.png\"},{\"@type\":\"BreadcrumbList\",\"@id\":\"https:\/\/uvax.es\/es\/#breadcrumb\",\"itemListElement\":[{\"@type\":\"ListItem\",\"position\":1,\"name\":\"Portada\",\"item\":\"https:\/\/uvax.es\/es\/\"},{\"@type\":\"ListItem\",\"position\":2,\"name\":\"Inicio\"}]},{\"@type\":\"WebSite\",\"@id\":\"https:\/\/uvax.es\/es\/#website\",\"url\":\"https:\/\/uvax.es\/es\/\",\"name\":\"Spain\",\"description\":\"\",\"potentialAction\":[{\"@type\":\"SearchAction\",\"target\":{\"@type\":\"EntryPoint\",\"urlTemplate\":\"https:\/\/uvax.es\/es\/?s={search_term_string}\"},\"query-input\":{\"@type\":\"PropertyValueSpecification\",\"valueRequired\":true,\"valueName\":\"search_term_string\"}}],\"inLanguage\":\"es\"}]}<\/script>\n<!-- \/ Yoast SEO plugin. -->","yoast_head_json":{"title":"Inicio - Spain","robots":{"index":"index","follow":"follow","max-snippet":"max-snippet:-1","max-image-preview":"max-image-preview:large","max-video-preview":"max-video-preview:-1"},"canonical":"https:\/\/uvax.es\/es\/","og_locale":"es_ES","og_type":"article","og_title":"Inicio - Spain","og_description":"Creemos en el poderde las Ciudades Inteligentes La tecnolog\u00eda UVAX al servicio de la ciudadan\u00eda En UVAX ponemos al servicio de la ciudadan\u00eda nuestra tecnolog\u00eda y dilatada experiencia en el sector con el objetivo de facilitar la vida de las personas y favorecer un ahorro energ\u00e9tico en las ciudades que, como consecuencia, aportar\u00e1 un gran &hellip; Inicio Leer m\u00e1s &raquo;","og_url":"https:\/\/uvax.es\/es\/","og_site_name":"Spain","article_modified_time":"2023-12-19T09:10:46+00:00","og_image":[{"url":"http:\/\/uvax.es\/wp-content\/uploads\/2023\/12\/logoHome-300x129-1.png","type":"","width":"","height":""}],"twitter_card":"summary_large_image","twitter_misc":{"Tiempo de lectura":"2 minutos"},"schema":{"@context":"https:\/\/schema.org","@graph":[{"@type":"WebPage","@id":"https:\/\/uvax.es\/es\/","url":"https:\/\/uvax.es\/es\/","name":"Inicio - Spain","isPartOf":{"@id":"https:\/\/uvax.es\/es\/#website"},"primaryImageOfPage":{"@id":"https:\/\/uvax.es\/es\/#primaryimage"},"image":{"@id":"https:\/\/uvax.es\/es\/#primaryimage"},"thumbnailUrl":"http:\/\/uvax.es\/wp-content\/uploads\/2023\/12\/logoHome-300x129-1.png","datePublished":"2023-12-14T09:06:35+00:00","dateModified":"2023-12-19T09:10:46+00:00","breadcrumb":{"@id":"https:\/\/uvax.es\/es\/#breadcrumb"},"inLanguage":"es","potentialAction":[{"@type":"ReadAction","target":["https:\/\/uvax.es\/es\/"]}]},{"@type":"ImageObject","inLanguage":"es","@id":"https:\/\/uvax.es\/es\/#primaryimage","url":"http:\/\/uvax.es\/wp-content\/uploads\/2023\/12\/logoHome-300x129-1.png","contentUrl":"http:\/\/uvax.es\/wp-content\/uploads\/2023\/12\/logoHome-300x129-1.png"},{"@type":"BreadcrumbList","@id":"https:\/\/uvax.es\/es\/#breadcrumb","itemListElement":[{"@type":"ListItem","position":1,"name":"Portada","item":"https:\/\/uvax.es\/es\/"},{"@type":"ListItem","position":2,"name":"Inicio"}]},{"@type":"WebSite","@id":"https:\/\/uvax.es\/es\/#website","url":"https:\/\/uvax.es\/es\/","name":"Spain","description":"","potentialAction":[{"@type":"SearchAction","target":{"@type":"EntryPoint","urlTemplate":"https:\/\/uvax.es\/es\/?s={search_term_string}"},"query-input":{"@type":"PropertyValueSpecification","valueRequired":true,"valueName":"search_term_string"}}],"inLanguage":"es"}]}},"uagb_featured_image_src":{"full":false,"thumbnail":false,"medium":false,"medium_large":false,"large":false,"1536x1536":false,"2048x2048":false},"uagb_author_info":{"display_name":"uvax2021","author_link":"https:\/\/uvax.es\/es\/author\/uvax\/"},"uagb_comment_info":0,"uagb_excerpt":"Creemos en el poderde las Ciudades Inteligentes La tecnolog\u00eda UVAX al servicio de la ciudadan\u00eda En UVAX ponemos al servicio de la ciudadan\u00eda nuestra tecnolog\u00eda y dilatada experiencia en el sector con el objetivo de facilitar la vida de las personas y favorecer un ahorro energ\u00e9tico en las ciudades que, como consecuencia, aportar\u00e1 un gran&hellip;","_links":{"self":[{"href":"https:\/\/uvax.es\/es\/wp-json\/wp\/v2\/pages\/3377","targetHints":{"allow":["GET"]}}],"collection":[{"href":"https:\/\/uvax.es\/es\/wp-json\/wp\/v2\/pages"}],"about":[{"href":"https:\/\/uvax.es\/es\/wp-json\/wp\/v2\/types\/page"}],"author":[{"embeddable":true,"href":"https:\/\/uvax.es\/es\/wp-json\/wp\/v2\/users\/1"}],"replies":[{"embeddable":true,"href":"https:\/\/uvax.es\/es\/wp-json\/wp\/v2\/comments?post=3377"}],"version-history":[{"count":5,"href":"https:\/\/uvax.es\/es\/wp-json\/wp\/v2\/pages\/3377\/revisions"}],"predecessor-version":[{"id":3404,"href":"https:\/\/uvax.es\/es\/wp-json\/wp\/v2\/pages\/3377\/revisions\/3404"}],"wp:attachment":[{"href":"https:\/\/uvax.es\/es\/wp-json\/wp\/v2\/media?parent=3377"}],"curies":[{"name":"wp","href":"https:\/\/api.w.org\/{rel}","templated":true}]}}