{"id":12,"date":"2020-04-28T16:24:09","date_gmt":"2020-04-28T16:24:09","guid":{"rendered":"http:\/\/uvax.es\/?page_id=12"},"modified":"2023-12-19T11:58:41","modified_gmt":"2023-12-19T11:58:41","slug":"tecnologia","status":"publish","type":"page","link":"https:\/\/uvax.es\/es\/tecnologia\/","title":{"rendered":"TECNOLOG\u00cdA"},"content":{"rendered":"\n<div class=\"wp-block-uagb-container uagb-block-07ae3520 alignfull uagb-is-root-container\">\n<div class=\"wp-block-uagb-container uagb-block-fa0cd747\">\n<div class=\"wp-block-uagb-container uagb-block-aec930ce\">\n<p class=\"has-text-align-center has-ast-global-color-5-color has-text-color has-link-color wp-elements-dade332492d98c62f70c2bbeada5184c\" style=\"font-size:57px;font-style:italic;font-weight:700;letter-spacing:1px;line-height:1.4\">UVAX transforma la red de alumbrado en una red de datos de alta velocidad<\/p>\n<\/div>\n<\/div>\n\n\n\n<div style=\"height:100px\" aria-hidden=\"true\" class=\"wp-block-spacer\"><\/div>\n\n\n\n<div class=\"wp-block-uagb-container uagb-block-aa80908f\">\n<p class=\"has-text-align-center has-ast-global-color-7-color has-text-color has-link-color has-x-large-font-size wp-elements-c01c0d832f7806035cefbce63fcf4768\" style=\"font-style:normal;font-weight:700;text-decoration:underline\">\u00bfEn qu\u00e9 consiste el sistema UVAX?<\/p>\n<\/div>\n\n\n\n<div class=\"wp-block-uagb-container uagb-block-3ec11688\">\n<div class=\"wp-block-uagb-container uagb-block-fc6008dc\"><\/div>\n\n\n\n<div class=\"wp-block-columns is-layout-flex wp-container-core-columns-is-layout-1 wp-block-columns-is-layout-flex\">\n<div class=\"wp-block-column is-layout-flow wp-block-column-is-layout-flow\" style=\"flex-basis:75%\">\n<div class=\"wp-block-uagb-container uagb-block-58fb6367\">\n<div class=\"wp-block-uagb-container uagb-block-bc2229fb\">\n<div class=\"wp-block-uagb-info-box uagb-block-da3c9688 uagb-infobox__content-wrap  uagb-infobox-icon-left uagb-infobox-left uagb-infobox-image-valign-middle\"><div class=\"uagb-ifb-image-content\"><img decoding=\"async\" src=\"http:\/\/uvax.es\/wp-content\/uploads\/2023\/12\/Recurso-1-1-150x150.png\" alt=\"\" width=\"\" height=\"0\" loading=\"lazy\"\/><\/div><div class=\"uagb-ifb-content\"><div class=\"uagb-ifb-title-wrap\"><h3 class=\"uagb-ifb-title\">Nodo<\/h3><\/div><p class=\"uagb-ifb-desc\">Una red de NODOS (uno por luminaria) se conecta a la infraestructura de alumbrado p\u00fablico existente.<\/p><\/div><\/div>\n\n\n\n<div class=\"wp-block-uagb-info-box uagb-block-99dbc03c uagb-infobox__content-wrap  uagb-infobox-icon-right uagb-infobox-right uagb-infobox-image-valign-middle\"><div class=\"uagb-ifb-content\"><div class=\"uagb-ifb-title-wrap\"><h3 class=\"uagb-ifb-title\">Comunicaci\u00f3n B-PLC<\/h3><\/div><p class=\"uagb-ifb-desc\">Comunicaci\u00f3n B-PLC (Broadband Powerline Communication) a trav\u00e9s de la l\u00ednea el\u00e9ctrica que adem\u00e1s permite unirse a otras tecnolog\u00edas (Hiperlan, LoRa, 168 Mhz, o Wi-fi).<\/p><\/div><div class=\"uagb-ifb-image-content\"><img decoding=\"async\" src=\"http:\/\/uvax.es\/wp-content\/uploads\/2023\/12\/Recurso-2-1-150x150.png\" alt=\"\" width=\"\" height=\"0\" loading=\"lazy\"\/><\/div><\/div>\n\n\n\n<div class=\"wp-block-uagb-info-box uagb-block-70f88ddc uagb-infobox__content-wrap  uagb-infobox-icon-left uagb-infobox-left uagb-infobox-image-valign-middle\"><div class=\"uagb-ifb-image-content\"><img decoding=\"async\" src=\"http:\/\/uvax.es\/wp-content\/uploads\/2023\/12\/Recurso-3-150x150.png\" alt=\"\" width=\"\" height=\"0\" loading=\"lazy\"\/><\/div><div class=\"uagb-ifb-content\"><div class=\"uagb-ifb-title-wrap\"><h3 class=\"uagb-ifb-title\">Cabecera<\/h3><\/div><p class=\"uagb-ifb-desc\">Concentrador instalado en el cuadro el\u00e9ctrico central que controla los nodos.<\/p><\/div><\/div>\n\n\n\n<div class=\"wp-block-uagb-info-box uagb-block-5ee8746c uagb-infobox__content-wrap  uagb-infobox-icon-right uagb-infobox-right uagb-infobox-image-valign-middle\"><div class=\"uagb-ifb-content\"><div class=\"uagb-ifb-title-wrap\"><h3 class=\"uagb-ifb-title\">Software Centralizado de Gesti\u00f3n<\/h3><\/div><p class=\"uagb-ifb-desc\">Alojado en un servidor web, al que se puede acceder desde cualquier lugar en Internet mediante un ordenador, port\u00e1til o incluso un dispositivo m\u00f3vil.<\/p><\/div><div class=\"uagb-ifb-image-content\"><img decoding=\"async\" src=\"http:\/\/uvax.es\/wp-content\/uploads\/2023\/12\/Recurso-4-150x150.png\" alt=\"\" width=\"\" height=\"0\" loading=\"lazy\"\/><\/div><\/div>\n\n\n\n<div class=\"wp-block-uagb-info-box uagb-block-da374be9 uagb-infobox__content-wrap  uagb-infobox-icon-left uagb-infobox-left uagb-infobox-image-valign-middle\"><div class=\"uagb-ifb-image-content\"><img decoding=\"async\" src=\"http:\/\/uvax.es\/wp-content\/uploads\/2023\/12\/Recurso-5-150x150.png\" alt=\"\" width=\"\" height=\"0\" loading=\"lazy\"\/><\/div><div class=\"uagb-ifb-content\"><div class=\"uagb-ifb-title-wrap\"><h3 class=\"uagb-ifb-title\">Usuario<\/h3><\/div><p class=\"uagb-ifb-desc\">El usuario (ciudades y corporaciones) puede monitorizar, configurar y programar todo el sistema por control remoto.<\/p><\/div><\/div>\n<\/div>\n<\/div>\n<\/div>\n\n\n\n<div class=\"wp-block-column is-layout-flow wp-block-column-is-layout-flow\" style=\"flex-basis:25%\">\n<div class=\"wp-block-uagb-image alignright uagb-block-d43aa678 wp-block-uagb-image--layout-default wp-block-uagb-image--effect-static wp-block-uagb-image--align-right\"><figure class=\"wp-block-uagb-image__figure\"><img decoding=\"async\" srcset=\"https:\/\/uvax.es\/wp-content\/uploads\/2023\/12\/uvax-animado.png ,https:\/\/uvax.es\/wp-content\/uploads\/2023\/12\/uvax-animado.png 780w, https:\/\/uvax.es\/wp-content\/uploads\/2023\/12\/uvax-animado.png 360w\" sizes=\"auto, (max-width: 480px) 150px\" src=\"https:\/\/uvax.es\/wp-content\/uploads\/2023\/12\/uvax-animado.png\" alt=\"\" class=\"uag-image-3293\" width=\"474\" height=\"897\" title=\"\" loading=\"lazy\"\/><\/figure><\/div>\n<\/div>\n<\/div>\n\n\n\n<div style=\"height:100px\" aria-hidden=\"true\" class=\"wp-block-spacer\"><\/div>\n<\/div>\n\n\n\n<div class=\"wp-block-uagb-container uagb-block-aa6f2a0f alignfull uagb-is-root-container\"><div class=\"uagb-container-inner-blocks-wrap\">\n<p class=\"has-text-align-center has-ast-global-color-5-color has-text-color has-link-color has-x-large-font-size wp-elements-0c785fc5838265069fee4e1eced176ec\" style=\"font-style:italic;font-weight:700\">Ventajas del B-PLC <\/p>\n\n\n\n<div class=\"wp-block-uagb-container uagb-block-f5648686\">\n<div class=\"wp-block-uagb-info-box uagb-block-153df9c4 uagb-infobox__content-wrap  uagb-infobox-icon-above-title uagb-infobox-image-valign-middle\"><div class=\"uagb-ifb-content\"><div class=\"uagb-ifb-title-wrap\"><h3 class=\"uagb-ifb-title\">B-PLC<\/h3><\/div><p class=\"uagb-ifb-desc\">Comunicaci\u00f3n de datos de alta velocidad (+100Mbps). Aporta una mayor robustez en comparaci\u00f3n a otras tecnolog\u00edas de mercado.<\/p><\/div><\/div>\n\n\n\n<hr class=\"wp-block-separator has-alpha-channel-opacity\"\/>\n\n\n\n<div class=\"wp-block-uagb-info-box uagb-block-536eb2f6 uagb-infobox__content-wrap  uagb-infobox-icon-above-title uagb-infobox-image-valign-top\"><div class=\"uagb-ifb-content\"><div class=\"uagb-ifb-title-wrap\"><h3 class=\"uagb-ifb-title\">SIN CABLEADO EXTRA<\/h3><\/div><p class=\"uagb-ifb-desc\">Utiliza la infraestructura de la red el\u00e9ctrica existente y solo con conectar nuestros dispositivos f\u00edsicos, se convierte en una infraestructura de comunicaci\u00f3n de banda ancha.<\/p><\/div><\/div>\n\n\n\n<hr class=\"wp-block-separator has-alpha-channel-opacity\" style=\"margin-top:0;margin-bottom:0\"\/>\n\n\n\n<div class=\"wp-block-uagb-info-box uagb-block-086ea6a9 uagb-infobox__content-wrap  uagb-infobox-icon-above-title uagb-infobox-image-valign-top\"><div class=\"uagb-ifb-content\"><div class=\"uagb-ifb-title-wrap\"><h3 class=\"uagb-ifb-title\">PLUG &amp; PLAY<\/h3><\/div><p class=\"uagb-ifb-desc\">Puesta en marcha y mantenimiento con procesos autom\u00e1ticos e intuitivos.<\/p><\/div><\/div>\n<\/div>\n<\/div><\/div>\n\n\n\n<div class=\"wp-block-uagb-container uagb-block-0c95a523\">\n<div class=\"wp-block-uagb-container uagb-block-d7ce8570\">\n<div style=\"height:87px\" aria-hidden=\"true\" class=\"wp-block-spacer\"><\/div>\n\n\n\n<p class=\"has-text-align-left has-x-large-font-size\" style=\"font-style:italic;font-weight:700;text-decoration:underline\">Aplicaciones<\/p>\n\n\n\n<p class=\"has-medium-font-size\">Nuestra tecnolog\u00eda permite no solo la telegesti\u00f3n del servicio de iluminaci\u00f3n en tiempo real, sino que se convierte en una plataforma de comunicaci\u00f3n para un sinf\u00edn de servicios adicionales requeridos por Smart Cities, que mejoran considerablemente la calidad de vida de los ciudadanos y un importante ahorro de costes para las ciudades.<\/p>\n\n\n\n<p class=\"has-medium-font-size\">La escalabilidad es una de las grandes ventajas de nuestro producto, se puede incorporar progresivamente cualquiera de los siguientes servicios IP que puede encontrar en el mercado:<\/p>\n\n\n\n<div class=\"wp-block-uagb-image aligncenter uagb-block-da65a7f0 wp-block-uagb-image--layout-default wp-block-uagb-image--effect-static wp-block-uagb-image--align-center\"><figure class=\"wp-block-uagb-image__figure\"><img decoding=\"async\" srcset=\"https:\/\/uvax.es\/wp-content\/uploads\/2023\/12\/Recurso-6-758x1024-1.png ,https:\/\/uvax.es\/wp-content\/uploads\/2023\/12\/Recurso-6-758x1024-1.png 780w, https:\/\/uvax.es\/wp-content\/uploads\/2023\/12\/Recurso-6-758x1024-1.png 360w\" sizes=\"auto, (max-width: 480px) 150px\" src=\"https:\/\/uvax.es\/wp-content\/uploads\/2023\/12\/Recurso-6-758x1024-1.png\" alt=\"\" class=\"uag-image-3629\" width=\"758\" height=\"1024\" title=\"\" loading=\"lazy\"\/><\/figure><\/div>\n<\/div>\n\n\n\n<div class=\"wp-block-uagb-container uagb-block-83e293de\">\n<div style=\"height:100px\" aria-hidden=\"true\" class=\"wp-block-spacer\"><\/div>\n\n\n\n<div class=\"wp-block-uagb-container uagb-block-3f6d6aa2\">\n<div class=\"wp-block-media-text has-media-on-the-right is-stacked-on-mobile\" style=\"grid-template-columns:auto 51%\"><div class=\"wp-block-media-text__content\">\n<p class=\"has-ast-global-color-2-color has-text-color has-link-color has-large-font-size wp-elements-3012a0bc0392ac2c48cb38fdd1391a1a\" style=\"font-style:italic;font-weight:700;text-decoration:underline\">La soluci\u00f3n de UVAX para las Ciudades Inteligentes<\/p>\n\n\n\n<p class=\"has-medium-font-size\" style=\"font-style:italic;font-weight:400\">Es una verdadera autopista de comunicaciones, que podr\u00e1 ser explotada por las ciudades, empresas de mantenimiento o de servicios energ\u00e9ticos u operadores de comunicaciones durante muchos a\u00f1os posteriores, mediante nuevos modelos de negocio a\u00fan por desarrollar.<\/p>\n\n\n\n<p class=\"has-medium-font-size\" style=\"font-style:italic;font-weight:400\">La soluci\u00f3n permite adem\u00e1s la actuaci\u00f3n sobre todos los cuadros el\u00e9ctricos en una sola operaci\u00f3n y desde cualquier ubicaci\u00f3n, sin la necesidad de desplazar t\u00e9cnicos para cada intervenci\u00f3n.<\/p>\n\n\n\n<p class=\"has-medium-font-size\" style=\"font-style:italic;font-weight:400\">El alumbrado p\u00fablico representa una de las instalaciones de mayor incidencia en el consumo energ\u00e9tico de una ciudad, adem\u00e1s del gran consumo energ\u00e9tico, estamos ante una infraestructura car\u00edsima y, hoy por hoy, altamente infrautilizada.<\/p>\n\n\n\n<p class=\"has-medium-font-size\" style=\"font-style:italic;font-weight:400\">Para hacer frente a estos retos, las TICs, el Internet de las Cosas (IoT), y la interconectividad son herramientas fundamentales para ayudar a impulsar la mejora de las prestaciones de servicios y la calidad de vida de los ciudadanos.<\/p>\n<\/div><figure class=\"wp-block-media-text__media\"><img loading=\"lazy\" decoding=\"async\" width=\"1024\" height=\"951\" src=\"http:\/\/uvax.es\/wp-content\/uploads\/2020\/04\/internetDeLasCosas-1024x951.png\" alt=\"\" class=\"wp-image-1282 size-full\" srcset=\"https:\/\/uvax.es\/wp-content\/uploads\/2020\/04\/internetDeLasCosas-1024x951.png 1024w, https:\/\/uvax.es\/wp-content\/uploads\/2020\/04\/internetDeLasCosas-300x278.png 300w, https:\/\/uvax.es\/wp-content\/uploads\/2020\/04\/internetDeLasCosas-150x139.png 150w, https:\/\/uvax.es\/wp-content\/uploads\/2020\/04\/internetDeLasCosas-1536x1426.png 1536w, https:\/\/uvax.es\/wp-content\/uploads\/2020\/04\/internetDeLasCosas-2048x1901.png 2048w\" sizes=\"auto, (max-width: 1024px) 100vw, 1024px\" \/><\/figure><\/div>\n\n\n\n<div class=\"wp-block-media-text is-stacked-on-mobile\" style=\"grid-template-columns:45% auto\"><figure class=\"wp-block-media-text__media\"><img loading=\"lazy\" decoding=\"async\" width=\"1024\" height=\"896\" src=\"http:\/\/uvax.es\/wp-content\/uploads\/2020\/06\/Recurso-1-1024x896.png\" alt=\"\" class=\"wp-image-1729 size-full\" srcset=\"https:\/\/uvax.es\/wp-content\/uploads\/2020\/06\/Recurso-1-1024x896.png 1024w, https:\/\/uvax.es\/wp-content\/uploads\/2020\/06\/Recurso-1-300x262.png 300w, https:\/\/uvax.es\/wp-content\/uploads\/2020\/06\/Recurso-1-150x131.png 150w, https:\/\/uvax.es\/wp-content\/uploads\/2020\/06\/Recurso-1-1536x1344.png 1536w\" sizes=\"auto, (max-width: 1024px) 100vw, 1024px\" \/><\/figure><div class=\"wp-block-media-text__content\">\n<p class=\"has-text-align-left has-large-font-size\" style=\"font-style:italic;font-weight:700;text-decoration:underline\">Redes de Datos de Alta Velocidad<\/p>\n\n\n\n<p class=\"has-medium-font-size\" style=\"font-style:italic;font-weight:400\">UVAX ha centrado su desarrollo en una tecnolog\u00eda \u00fanica que utiliza las l\u00edneas el\u00e9ctricas para la transmisi\u00f3n de datos de banda ancha a alta velocidad, lo que permite el uso de infraestructuras existentes para facilitar la integraci\u00f3n de una amplia gama de funcionalidades en un solo canal de comunicaci\u00f3n.<\/p>\n\n\n\n<p class=\"has-medium-font-size\" style=\"font-style:italic;font-weight:400\">Esto evita la necesidad de utilizar diferentes canales de comunicaci\u00f3n para cada aplicaci\u00f3n o sector, con el consiguiente ahorro de costos tanto en inversi\u00f3n de capital (CAPEX) como en gastos operativos (OPEX).<\/p>\n\n\n\n<p class=\"has-medium-font-size\" style=\"font-style:italic;font-weight:400\">Nuestro sistema de comunicaci\u00f3n inteligente permite interconectar el mundo f\u00edsico con el mundo digital, lo que se traduce en una mayor eficiencia energ\u00e9tica y econ\u00f3mica.<\/p>\n<\/div><\/div>\n<\/div>\n<\/div>\n<\/div>\n<\/div>\n","protected":false},"excerpt":{"rendered":"<p>UVAX transforma la red de alumbrado en una red de datos de alta velocidad \u00bfEn qu\u00e9 consiste el sistema UVAX? Ventajas del B-PLC Aplicaciones Nuestra tecnolog\u00eda permite no solo la telegesti\u00f3n del servicio de iluminaci\u00f3n en tiempo real, sino que se convierte en una plataforma de comunicaci\u00f3n para un sinf\u00edn de servicios adicionales requeridos por &hellip;<\/p>\n<p class=\"read-more\"> <a class=\"\" href=\"https:\/\/uvax.es\/es\/tecnologia\/\"> <span class=\"screen-reader-text\">TECNOLOG\u00cdA<\/span> Leer m\u00e1s &raquo;<\/a><\/p>\n","protected":false},"author":1,"featured_media":0,"parent":0,"menu_order":0,"comment_status":"closed","ping_status":"closed","template":"","meta":{"_uag_custom_page_level_css":"","site-sidebar-layout":"default","site-content-layout":"","ast-site-content-layout":"","site-content-style":"default","site-sidebar-style":"default","ast-global-header-display":"","ast-banner-title-visibility":"","ast-main-header-display":"","ast-hfb-above-header-display":"","ast-hfb-below-header-display":"","ast-hfb-mobile-header-display":"","site-post-title":"disabled","ast-breadcrumbs-content":"","ast-featured-img":"","footer-sml-layout":"","theme-transparent-header-meta":"","adv-header-id-meta":"","stick-header-meta":"","header-above-stick-meta":"","header-main-stick-meta":"","header-below-stick-meta":"","astra-migrate-meta-layouts":"default","ast-page-background-enabled":"default","ast-page-background-meta":{"desktop":{"background-color":"var(--ast-global-color-4)","background-image":"","background-repeat":"repeat","background-position":"center center","background-size":"auto","background-attachment":"scroll","background-type":"","background-media":"","overlay-type":"","overlay-color":"","overlay-gradient":""},"tablet":{"background-color":"","background-image":"","background-repeat":"repeat","background-position":"center center","background-size":"auto","background-attachment":"scroll","background-type":"","background-media":"","overlay-type":"","overlay-color":"","overlay-gradient":""},"mobile":{"background-color":"","background-image":"","background-repeat":"repeat","background-position":"center center","background-size":"auto","background-attachment":"scroll","background-type":"","background-media":"","overlay-type":"","overlay-color":"","overlay-gradient":""}},"ast-content-background-meta":{"desktop":{"background-color":"var(--ast-global-color-5)","background-image":"","background-repeat":"repeat","background-position":"center center","background-size":"auto","background-attachment":"scroll","background-type":"","background-media":"","overlay-type":"","overlay-color":"","overlay-gradient":""},"tablet":{"background-color":"var(--ast-global-color-5)","background-image":"","background-repeat":"repeat","background-position":"center center","background-size":"auto","background-attachment":"scroll","background-type":"","background-media":"","overlay-type":"","overlay-color":"","overlay-gradient":""},"mobile":{"background-color":"var(--ast-global-color-5)","background-image":"","background-repeat":"repeat","background-position":"center center","background-size":"auto","background-attachment":"scroll","background-type":"","background-media":"","overlay-type":"","overlay-color":"","overlay-gradient":""}},"footnotes":""},"class_list":["post-12","page","type-page","status-publish","hentry"],"yoast_head":"<!-- This site is optimized with the Yoast SEO plugin v24.4 - https:\/\/yoast.com\/wordpress\/plugins\/seo\/ -->\n<title>TECNOLOG\u00cdA - Spain<\/title>\n<meta name=\"robots\" content=\"index, follow, max-snippet:-1, max-image-preview:large, max-video-preview:-1\" \/>\n<link rel=\"canonical\" href=\"https:\/\/uvax.es\/es\/tecnologia\/\" \/>\n<meta property=\"og:locale\" content=\"es_ES\" \/>\n<meta property=\"og:type\" content=\"article\" \/>\n<meta property=\"og:title\" content=\"TECNOLOG\u00cdA - Spain\" \/>\n<meta property=\"og:description\" content=\"UVAX transforma la red de alumbrado en una red de datos de alta velocidad \u00bfEn qu\u00e9 consiste el sistema UVAX? Ventajas del B-PLC Aplicaciones Nuestra tecnolog\u00eda permite no solo la telegesti\u00f3n del servicio de iluminaci\u00f3n en tiempo real, sino que se convierte en una plataforma de comunicaci\u00f3n para un sinf\u00edn de servicios adicionales requeridos por &hellip; TECNOLOG\u00cdA Leer m\u00e1s &raquo;\" \/>\n<meta property=\"og:url\" content=\"https:\/\/uvax.es\/es\/tecnologia\/\" \/>\n<meta property=\"og:site_name\" content=\"Spain\" \/>\n<meta property=\"article:modified_time\" content=\"2023-12-19T11:58:41+00:00\" \/>\n<meta property=\"og:image\" content=\"http:\/\/uvax.es\/wp-content\/uploads\/2023\/12\/Recurso-1-1-150x150.png\" \/>\n<meta name=\"twitter:card\" content=\"summary_large_image\" \/>\n<meta name=\"twitter:label1\" content=\"Tiempo de lectura\" \/>\n\t<meta name=\"twitter:data1\" content=\"5 minutos\" \/>\n<script type=\"application\/ld+json\" class=\"yoast-schema-graph\">{\"@context\":\"https:\/\/schema.org\",\"@graph\":[{\"@type\":\"WebPage\",\"@id\":\"https:\/\/uvax.es\/es\/tecnologia\/\",\"url\":\"https:\/\/uvax.es\/es\/tecnologia\/\",\"name\":\"TECNOLOG\u00cdA - Spain\",\"isPartOf\":{\"@id\":\"https:\/\/uvax.es\/es\/#website\"},\"primaryImageOfPage\":{\"@id\":\"https:\/\/uvax.es\/es\/tecnologia\/#primaryimage\"},\"image\":{\"@id\":\"https:\/\/uvax.es\/es\/tecnologia\/#primaryimage\"},\"thumbnailUrl\":\"http:\/\/uvax.es\/wp-content\/uploads\/2023\/12\/Recurso-1-1-150x150.png\",\"datePublished\":\"2020-04-28T16:24:09+00:00\",\"dateModified\":\"2023-12-19T11:58:41+00:00\",\"breadcrumb\":{\"@id\":\"https:\/\/uvax.es\/es\/tecnologia\/#breadcrumb\"},\"inLanguage\":\"es\",\"potentialAction\":[{\"@type\":\"ReadAction\",\"target\":[\"https:\/\/uvax.es\/es\/tecnologia\/\"]}]},{\"@type\":\"ImageObject\",\"inLanguage\":\"es\",\"@id\":\"https:\/\/uvax.es\/es\/tecnologia\/#primaryimage\",\"url\":\"http:\/\/uvax.es\/wp-content\/uploads\/2023\/12\/Recurso-1-1-150x150.png\",\"contentUrl\":\"http:\/\/uvax.es\/wp-content\/uploads\/2023\/12\/Recurso-1-1-150x150.png\"},{\"@type\":\"BreadcrumbList\",\"@id\":\"https:\/\/uvax.es\/es\/tecnologia\/#breadcrumb\",\"itemListElement\":[{\"@type\":\"ListItem\",\"position\":1,\"name\":\"Portada\",\"item\":\"https:\/\/uvax.es\/es\/\"},{\"@type\":\"ListItem\",\"position\":2,\"name\":\"TECNOLOG\u00cdA\"}]},{\"@type\":\"WebSite\",\"@id\":\"https:\/\/uvax.es\/es\/#website\",\"url\":\"https:\/\/uvax.es\/es\/\",\"name\":\"Spain\",\"description\":\"\",\"potentialAction\":[{\"@type\":\"SearchAction\",\"target\":{\"@type\":\"EntryPoint\",\"urlTemplate\":\"https:\/\/uvax.es\/es\/?s={search_term_string}\"},\"query-input\":{\"@type\":\"PropertyValueSpecification\",\"valueRequired\":true,\"valueName\":\"search_term_string\"}}],\"inLanguage\":\"es\"}]}<\/script>\n<!-- \/ Yoast SEO plugin. -->","yoast_head_json":{"title":"TECNOLOG\u00cdA - Spain","robots":{"index":"index","follow":"follow","max-snippet":"max-snippet:-1","max-image-preview":"max-image-preview:large","max-video-preview":"max-video-preview:-1"},"canonical":"https:\/\/uvax.es\/es\/tecnologia\/","og_locale":"es_ES","og_type":"article","og_title":"TECNOLOG\u00cdA - Spain","og_description":"UVAX transforma la red de alumbrado en una red de datos de alta velocidad \u00bfEn qu\u00e9 consiste el sistema UVAX? Ventajas del B-PLC Aplicaciones Nuestra tecnolog\u00eda permite no solo la telegesti\u00f3n del servicio de iluminaci\u00f3n en tiempo real, sino que se convierte en una plataforma de comunicaci\u00f3n para un sinf\u00edn de servicios adicionales requeridos por &hellip; TECNOLOG\u00cdA Leer m\u00e1s &raquo;","og_url":"https:\/\/uvax.es\/es\/tecnologia\/","og_site_name":"Spain","article_modified_time":"2023-12-19T11:58:41+00:00","og_image":[{"url":"http:\/\/uvax.es\/wp-content\/uploads\/2023\/12\/Recurso-1-1-150x150.png","type":"","width":"","height":""}],"twitter_card":"summary_large_image","twitter_misc":{"Tiempo de lectura":"5 minutos"},"schema":{"@context":"https:\/\/schema.org","@graph":[{"@type":"WebPage","@id":"https:\/\/uvax.es\/es\/tecnologia\/","url":"https:\/\/uvax.es\/es\/tecnologia\/","name":"TECNOLOG\u00cdA - Spain","isPartOf":{"@id":"https:\/\/uvax.es\/es\/#website"},"primaryImageOfPage":{"@id":"https:\/\/uvax.es\/es\/tecnologia\/#primaryimage"},"image":{"@id":"https:\/\/uvax.es\/es\/tecnologia\/#primaryimage"},"thumbnailUrl":"http:\/\/uvax.es\/wp-content\/uploads\/2023\/12\/Recurso-1-1-150x150.png","datePublished":"2020-04-28T16:24:09+00:00","dateModified":"2023-12-19T11:58:41+00:00","breadcrumb":{"@id":"https:\/\/uvax.es\/es\/tecnologia\/#breadcrumb"},"inLanguage":"es","potentialAction":[{"@type":"ReadAction","target":["https:\/\/uvax.es\/es\/tecnologia\/"]}]},{"@type":"ImageObject","inLanguage":"es","@id":"https:\/\/uvax.es\/es\/tecnologia\/#primaryimage","url":"http:\/\/uvax.es\/wp-content\/uploads\/2023\/12\/Recurso-1-1-150x150.png","contentUrl":"http:\/\/uvax.es\/wp-content\/uploads\/2023\/12\/Recurso-1-1-150x150.png"},{"@type":"BreadcrumbList","@id":"https:\/\/uvax.es\/es\/tecnologia\/#breadcrumb","itemListElement":[{"@type":"ListItem","position":1,"name":"Portada","item":"https:\/\/uvax.es\/es\/"},{"@type":"ListItem","position":2,"name":"TECNOLOG\u00cdA"}]},{"@type":"WebSite","@id":"https:\/\/uvax.es\/es\/#website","url":"https:\/\/uvax.es\/es\/","name":"Spain","description":"","potentialAction":[{"@type":"SearchAction","target":{"@type":"EntryPoint","urlTemplate":"https:\/\/uvax.es\/es\/?s={search_term_string}"},"query-input":{"@type":"PropertyValueSpecification","valueRequired":true,"valueName":"search_term_string"}}],"inLanguage":"es"}]}},"uagb_featured_image_src":{"full":false,"thumbnail":false,"medium":false,"medium_large":false,"large":false,"1536x1536":false,"2048x2048":false},"uagb_author_info":{"display_name":"uvax2021","author_link":"https:\/\/uvax.es\/es\/author\/uvax\/"},"uagb_comment_info":0,"uagb_excerpt":"UVAX transforma la red de alumbrado en una red de datos de alta velocidad \u00bfEn qu\u00e9 consiste el sistema UVAX? Ventajas del B-PLC Aplicaciones Nuestra tecnolog\u00eda permite no solo la telegesti\u00f3n del servicio de iluminaci\u00f3n en tiempo real, sino que se convierte en una plataforma de comunicaci\u00f3n para un sinf\u00edn de servicios adicionales requeridos por&hellip;","_links":{"self":[{"href":"https:\/\/uvax.es\/es\/wp-json\/wp\/v2\/pages\/12","targetHints":{"allow":["GET"]}}],"collection":[{"href":"https:\/\/uvax.es\/es\/wp-json\/wp\/v2\/pages"}],"about":[{"href":"https:\/\/uvax.es\/es\/wp-json\/wp\/v2\/types\/page"}],"author":[{"embeddable":true,"href":"https:\/\/uvax.es\/es\/wp-json\/wp\/v2\/users\/1"}],"replies":[{"embeddable":true,"href":"https:\/\/uvax.es\/es\/wp-json\/wp\/v2\/comments?post=12"}],"version-history":[{"count":5,"href":"https:\/\/uvax.es\/es\/wp-json\/wp\/v2\/pages\/12\/revisions"}],"predecessor-version":[{"id":3653,"href":"https:\/\/uvax.es\/es\/wp-json\/wp\/v2\/pages\/12\/revisions\/3653"}],"wp:attachment":[{"href":"https:\/\/uvax.es\/es\/wp-json\/wp\/v2\/media?parent=12"}],"curies":[{"name":"wp","href":"https:\/\/api.w.org\/{rel}","templated":true}]}}