{"id":3754,"date":"2025-07-25T10:58:08","date_gmt":"2025-07-25T08:58:08","guid":{"rendered":"https:\/\/uvax.es\/?page_id=3754"},"modified":"2025-07-25T11:19:24","modified_gmt":"2025-07-25T09:19:24","slug":"politica-de-calidad-y-ambiental","status":"publish","type":"page","link":"https:\/\/uvax.es\/en\/home\/politica-de-calidad-y-ambiental\/","title":{"rendered":"POL\u00cdTICA DE CALIDAD Y AMBIENTAL"},"content":{"rendered":"\n<div class=\"wp-block-uagb-container uagb-block-025da401 alignfull uagb-is-root-container\"><div class=\"uagb-container-inner-blocks-wrap\">\n<div class=\"wp-block-uagb-container uagb-block-11a0c52f\">\n<div class=\"wp-block-uagb-advanced-heading uagb-block-eaccebe5\"><h2 class=\"uagb-heading-text\">POL\u00cdTICA DE CALIDAD Y AMBIENTAL<\/h2><\/div>\n\n\n\n<div style=\"height:var(--wp--preset--spacing--40)\" aria-hidden=\"true\" class=\"wp-block-spacer\"><\/div>\n\n\n\n<p>La Direcci\u00f3n de <strong>UVAX MATCH, S.L.<\/strong>, como empresa tecnol\u00f3gica con base en la I+D+i en el entorno del dise\u00f1o de equipos y circuitos electr\u00f3nicos, con su propia fabricaci\u00f3n de dispositivos, equipos y sistemas completos, estamos siempre comprometidos con la excelencia en el servicio y calidad de nuestros productos.<\/p>\n\n\n\n<p>El conjunto del esfuerzo en I+D+I se compone de las siguientes actuaciones:<\/p>\n\n\n\n<ul class=\"wp-block-list\">\n<li>Continuo desarrollo de productos y l\u00edneas de negocio existentes. En este sentido se trata de reforzar la competitividad de los actuales productos, tanto a nivel de precio, como en nuevas funciones y servicios que proporcionen valor a\u00f1adido, y resulte posicionarlos mejor en el mercado.<\/li>\n<\/ul>\n\n\n\n<ul class=\"wp-block-list\">\n<li>Desarrollo de nuevos productos complementarios y en l\u00ednea con la estrategia de UVAX. Esto nos permitir\u00e1 poder ofrecer m\u00e1s productos en los sectores de actuaci\u00f3n, facilitando la oferta gen\u00e9rica de la empresa, a fin de poder abordar proyectos de mayor envergadura y contar con un cat\u00e1logo de soluciones m\u00e1s amplio.<\/li>\n<\/ul>\n\n\n\n<p>Se aprueban los siguientes principios de calidad y medio ambiente:<\/p>\n\n\n\n<ul class=\"wp-block-list\">\n<li>Satisfacer los requisitos de nuestros clientes y exceder en lo posible sus expectativas, mediante la realizaci\u00f3n eficaz de nuestras actividades.<\/li>\n<\/ul>\n\n\n\n<ul class=\"wp-block-list\">\n<li>Desarrollar todas las actividades dentro de un marco de protecci\u00f3n ambiental, en el que se fomente la conservaci\u00f3n del entorno, la minimizaci\u00f3n en el consumo de recursos naturales, la gesti\u00f3n eficaz de los residuos y la prevenci\u00f3n de la contaminaci\u00f3n.<\/li>\n<\/ul>\n\n\n\n<ul class=\"wp-block-list\">\n<li>Cumplir en todo momento los requisitos legales y reglamentarios aplicables a las actividades que desarrollamos, y otros que la organizaci\u00f3n suscriba.<\/li>\n<\/ul>\n\n\n\n<ul class=\"wp-block-list\">\n<li>Mantener relaciones mutuamente beneficiosas con nuestros proveedores con el fin de aumentar la capacidad de ambos para crear valor.<\/li>\n<\/ul>\n\n\n\n<ul class=\"wp-block-list\">\n<li>Mejorar continuamente la eficacia y desempe\u00f1o de nuestro sistema de gesti\u00f3n de calidad y ambiental para conseguir clientes m\u00e1s satisfechos y un equipo plenamente comprometido con esta pol\u00edtica.<\/li>\n<\/ul>\n\n\n\n<p>Por la Direcci\u00f3n<\/p>\n\n\n\n<p>Antonio Royo Sanch\u00eds<\/p>\n\n\n\n<p>En Paterna, a 25 de julio de 2025<\/p>\n<\/div>\n<\/div><\/div>\n","protected":false},"excerpt":{"rendered":"<p>POL\u00cdTICA DE CALIDAD Y AMBIENTAL La Direcci\u00f3n de UVAX MATCH, S.L., como empresa tecnol\u00f3gica con base en la I+D+i en el entorno del dise\u00f1o de equipos y circuitos electr\u00f3nicos, con su propia fabricaci\u00f3n de dispositivos, equipos y sistemas completos, estamos siempre comprometidos con la excelencia en el servicio y calidad de nuestros productos. El conjunto &hellip;<\/p>\n<p class=\"read-more\"> <a class=\"\" href=\"https:\/\/uvax.es\/en\/home\/politica-de-calidad-y-ambiental\/\"> <span class=\"screen-reader-text\">POL\u00cdTICA DE CALIDAD Y AMBIENTAL<\/span> Read More &raquo;<\/a><\/p>\n","protected":false},"author":1,"featured_media":0,"parent":3171,"menu_order":0,"comment_status":"closed","ping_status":"closed","template":"","meta":{"_uag_custom_page_level_css":"","site-sidebar-layout":"default","site-content-layout":"","ast-site-content-layout":"full-width-container","site-content-style":"unboxed","site-sidebar-style":"default","ast-global-header-display":"","ast-banner-title-visibility":"","ast-main-header-display":"","ast-hfb-above-header-display":"","ast-hfb-below-header-display":"","ast-hfb-mobile-header-display":"","site-post-title":"","ast-breadcrumbs-content":"","ast-featured-img":"","footer-sml-layout":"","theme-transparent-header-meta":"","adv-header-id-meta":"","stick-header-meta":"","header-above-stick-meta":"","header-main-stick-meta":"","header-below-stick-meta":"","astra-migrate-meta-layouts":"default","ast-page-background-enabled":"default","ast-page-background-meta":{"desktop":{"background-color":"var(--ast-global-color-4)","background-image":"","background-repeat":"repeat","background-position":"center center","background-size":"auto","background-attachment":"scroll","background-type":"","background-media":"","overlay-type":"","overlay-color":"","overlay-gradient":""},"tablet":{"background-color":"","background-image":"","background-repeat":"repeat","background-position":"center center","background-size":"auto","background-attachment":"scroll","background-type":"","background-media":"","overlay-type":"","overlay-color":"","overlay-gradient":""},"mobile":{"background-color":"","background-image":"","background-repeat":"repeat","background-position":"center center","background-size":"auto","background-attachment":"scroll","background-type":"","background-media":"","overlay-type":"","overlay-color":"","overlay-gradient":""}},"ast-content-background-meta":{"desktop":{"background-color":"var(--ast-global-color-5)","background-image":"","background-repeat":"repeat","background-position":"center center","background-size":"auto","background-attachment":"scroll","background-type":"","background-media":"","overlay-type":"","overlay-color":"","overlay-gradient":""},"tablet":{"background-color":"var(--ast-global-color-5)","background-image":"","background-repeat":"repeat","background-position":"center center","background-size":"auto","background-attachment":"scroll","background-type":"","background-media":"","overlay-type":"","overlay-color":"","overlay-gradient":""},"mobile":{"background-color":"var(--ast-global-color-5)","background-image":"","background-repeat":"repeat","background-position":"center center","background-size":"auto","background-attachment":"scroll","background-type":"","background-media":"","overlay-type":"","overlay-color":"","overlay-gradient":""}},"footnotes":""},"class_list":["post-3754","page","type-page","status-publish","hentry"],"yoast_head":"<!-- This site is optimized with the Yoast SEO plugin v24.4 - https:\/\/yoast.com\/wordpress\/plugins\/seo\/ -->\n<title>POL\u00cdTICA DE CALIDAD Y AMBIENTAL - Spain<\/title>\n<meta name=\"robots\" content=\"index, follow, max-snippet:-1, max-image-preview:large, max-video-preview:-1\" \/>\n<link rel=\"canonical\" href=\"https:\/\/uvax.es\/en\/home\/politica-de-calidad-y-ambiental\/\" \/>\n<meta property=\"og:locale\" content=\"en_US\" \/>\n<meta property=\"og:type\" content=\"article\" \/>\n<meta property=\"og:title\" content=\"POL\u00cdTICA DE CALIDAD Y AMBIENTAL - Spain\" \/>\n<meta property=\"og:description\" content=\"POL\u00cdTICA DE CALIDAD Y AMBIENTAL La Direcci\u00f3n de UVAX MATCH, S.L., como empresa tecnol\u00f3gica con base en la I+D+i en el entorno del dise\u00f1o de equipos y circuitos electr\u00f3nicos, con su propia fabricaci\u00f3n de dispositivos, equipos y sistemas completos, estamos siempre comprometidos con la excelencia en el servicio y calidad de nuestros productos. El conjunto &hellip; POL\u00cdTICA DE CALIDAD Y AMBIENTAL Read More &raquo;\" \/>\n<meta property=\"og:url\" content=\"https:\/\/uvax.es\/en\/home\/politica-de-calidad-y-ambiental\/\" \/>\n<meta property=\"og:site_name\" content=\"Spain\" \/>\n<meta property=\"article:modified_time\" content=\"2025-07-25T09:19:24+00:00\" \/>\n<meta name=\"twitter:card\" content=\"summary_large_image\" \/>\n<meta name=\"twitter:label1\" content=\"Est. reading time\" \/>\n\t<meta name=\"twitter:data1\" content=\"2 minutes\" \/>\n<script type=\"application\/ld+json\" class=\"yoast-schema-graph\">{\"@context\":\"https:\/\/schema.org\",\"@graph\":[{\"@type\":\"WebPage\",\"@id\":\"https:\/\/uvax.es\/en\/home\/politica-de-calidad-y-ambiental\/\",\"url\":\"https:\/\/uvax.es\/en\/home\/politica-de-calidad-y-ambiental\/\",\"name\":\"POL\u00cdTICA DE CALIDAD Y AMBIENTAL - Spain\",\"isPartOf\":{\"@id\":\"https:\/\/uvax.es\/es\/#website\"},\"datePublished\":\"2025-07-25T08:58:08+00:00\",\"dateModified\":\"2025-07-25T09:19:24+00:00\",\"breadcrumb\":{\"@id\":\"https:\/\/uvax.es\/en\/home\/politica-de-calidad-y-ambiental\/#breadcrumb\"},\"inLanguage\":\"en-US\",\"potentialAction\":[{\"@type\":\"ReadAction\",\"target\":[\"https:\/\/uvax.es\/en\/home\/politica-de-calidad-y-ambiental\/\"]}]},{\"@type\":\"BreadcrumbList\",\"@id\":\"https:\/\/uvax.es\/en\/home\/politica-de-calidad-y-ambiental\/#breadcrumb\",\"itemListElement\":[{\"@type\":\"ListItem\",\"position\":1,\"name\":\"Portada\",\"item\":\"https:\/\/uvax.es\/en\/\"},{\"@type\":\"ListItem\",\"position\":2,\"name\":\"HOME\",\"item\":\"https:\/\/uvax.es\/en\/\"},{\"@type\":\"ListItem\",\"position\":3,\"name\":\"POL\u00cdTICA DE CALIDAD Y AMBIENTAL\"}]},{\"@type\":\"WebSite\",\"@id\":\"https:\/\/uvax.es\/es\/#website\",\"url\":\"https:\/\/uvax.es\/es\/\",\"name\":\"Spain\",\"description\":\"\",\"potentialAction\":[{\"@type\":\"SearchAction\",\"target\":{\"@type\":\"EntryPoint\",\"urlTemplate\":\"https:\/\/uvax.es\/es\/?s={search_term_string}\"},\"query-input\":{\"@type\":\"PropertyValueSpecification\",\"valueRequired\":true,\"valueName\":\"search_term_string\"}}],\"inLanguage\":\"en-US\"}]}<\/script>\n<!-- \/ Yoast SEO plugin. -->","yoast_head_json":{"title":"POL\u00cdTICA DE CALIDAD Y AMBIENTAL - Spain","robots":{"index":"index","follow":"follow","max-snippet":"max-snippet:-1","max-image-preview":"max-image-preview:large","max-video-preview":"max-video-preview:-1"},"canonical":"https:\/\/uvax.es\/en\/home\/politica-de-calidad-y-ambiental\/","og_locale":"en_US","og_type":"article","og_title":"POL\u00cdTICA DE CALIDAD Y AMBIENTAL - Spain","og_description":"POL\u00cdTICA DE CALIDAD Y AMBIENTAL La Direcci\u00f3n de UVAX MATCH, S.L., como empresa tecnol\u00f3gica con base en la I+D+i en el entorno del dise\u00f1o de equipos y circuitos electr\u00f3nicos, con su propia fabricaci\u00f3n de dispositivos, equipos y sistemas completos, estamos siempre comprometidos con la excelencia en el servicio y calidad de nuestros productos. El conjunto &hellip; POL\u00cdTICA DE CALIDAD Y AMBIENTAL Read More &raquo;","og_url":"https:\/\/uvax.es\/en\/home\/politica-de-calidad-y-ambiental\/","og_site_name":"Spain","article_modified_time":"2025-07-25T09:19:24+00:00","twitter_card":"summary_large_image","twitter_misc":{"Est. reading time":"2 minutes"},"schema":{"@context":"https:\/\/schema.org","@graph":[{"@type":"WebPage","@id":"https:\/\/uvax.es\/en\/home\/politica-de-calidad-y-ambiental\/","url":"https:\/\/uvax.es\/en\/home\/politica-de-calidad-y-ambiental\/","name":"POL\u00cdTICA DE CALIDAD Y AMBIENTAL - Spain","isPartOf":{"@id":"https:\/\/uvax.es\/es\/#website"},"datePublished":"2025-07-25T08:58:08+00:00","dateModified":"2025-07-25T09:19:24+00:00","breadcrumb":{"@id":"https:\/\/uvax.es\/en\/home\/politica-de-calidad-y-ambiental\/#breadcrumb"},"inLanguage":"en-US","potentialAction":[{"@type":"ReadAction","target":["https:\/\/uvax.es\/en\/home\/politica-de-calidad-y-ambiental\/"]}]},{"@type":"BreadcrumbList","@id":"https:\/\/uvax.es\/en\/home\/politica-de-calidad-y-ambiental\/#breadcrumb","itemListElement":[{"@type":"ListItem","position":1,"name":"Portada","item":"https:\/\/uvax.es\/en\/"},{"@type":"ListItem","position":2,"name":"HOME","item":"https:\/\/uvax.es\/en\/"},{"@type":"ListItem","position":3,"name":"POL\u00cdTICA DE CALIDAD Y AMBIENTAL"}]},{"@type":"WebSite","@id":"https:\/\/uvax.es\/es\/#website","url":"https:\/\/uvax.es\/es\/","name":"Spain","description":"","potentialAction":[{"@type":"SearchAction","target":{"@type":"EntryPoint","urlTemplate":"https:\/\/uvax.es\/es\/?s={search_term_string}"},"query-input":{"@type":"PropertyValueSpecification","valueRequired":true,"valueName":"search_term_string"}}],"inLanguage":"en-US"}]}},"uagb_featured_image_src":{"full":false,"thumbnail":false,"medium":false,"medium_large":false,"large":false,"1536x1536":false,"2048x2048":false},"uagb_author_info":{"display_name":"uvax2021","author_link":"https:\/\/uvax.es\/en\/author\/uvax\/"},"uagb_comment_info":0,"uagb_excerpt":"POL\u00cdTICA DE CALIDAD Y AMBIENTAL La Direcci\u00f3n de UVAX MATCH, S.L., como empresa tecnol\u00f3gica con base en la I+D+i en el entorno del dise\u00f1o de equipos y circuitos electr\u00f3nicos, con su propia fabricaci\u00f3n de dispositivos, equipos y sistemas completos, estamos siempre comprometidos con la excelencia en el servicio y calidad de nuestros productos. El conjunto&hellip;","_links":{"self":[{"href":"https:\/\/uvax.es\/en\/wp-json\/wp\/v2\/pages\/3754","targetHints":{"allow":["GET"]}}],"collection":[{"href":"https:\/\/uvax.es\/en\/wp-json\/wp\/v2\/pages"}],"about":[{"href":"https:\/\/uvax.es\/en\/wp-json\/wp\/v2\/types\/page"}],"author":[{"embeddable":true,"href":"https:\/\/uvax.es\/en\/wp-json\/wp\/v2\/users\/1"}],"replies":[{"embeddable":true,"href":"https:\/\/uvax.es\/en\/wp-json\/wp\/v2\/comments?post=3754"}],"version-history":[{"count":13,"href":"https:\/\/uvax.es\/en\/wp-json\/wp\/v2\/pages\/3754\/revisions"}],"predecessor-version":[{"id":3774,"href":"https:\/\/uvax.es\/en\/wp-json\/wp\/v2\/pages\/3754\/revisions\/3774"}],"up":[{"embeddable":true,"href":"https:\/\/uvax.es\/en\/wp-json\/wp\/v2\/pages\/3171"}],"wp:attachment":[{"href":"https:\/\/uvax.es\/en\/wp-json\/wp\/v2\/media?parent=3754"}],"curies":[{"name":"wp","href":"https:\/\/api.w.org\/{rel}","templated":true}]}}